{"id":2280,"date":"2020-09-30T19:13:25","date_gmt":"2020-09-30T17:13:25","guid":{"rendered":"http:\/\/www.willerth.at\/studio\/?page_id=2280"},"modified":"2026-03-05T12:39:52","modified_gmt":"2026-03-05T11:39:52","slug":"businessfotos","status":"publish","type":"page","link":"https:\/\/www.willerth.at\/studio\/businessfotos\/","title":{"rendered":"Businessfotos"},"content":{"rendered":"<p><div class=\"fusion-fullwidth fullwidth-box fusion-builder-row-1 fusion-flex-container has-pattern-background has-mask-background nonhundred-percent-fullwidth non-hundred-percent-height-scrolling\" style=\"--awb-border-radius-top-left:0px;--awb-border-radius-top-right:0px;--awb-border-radius-bottom-right:0px;--awb-border-radius-bottom-left:0px;--awb-padding-bottom-small:0px;--awb-margin-bottom-small:0px;--awb-flex-wrap:wrap;\" ><div class=\"fusion-builder-row fusion-row fusion-flex-align-items-flex-start fusion-flex-content-wrap\" style=\"max-width:1326px;margin-left: calc(-4% \/ 2 );margin-right: calc(-4% \/ 2 );\"><div class=\"fusion-layout-column fusion_builder_column fusion-builder-column-0 fusion_builder_column_1_2 1_2 fusion-flex-column fusion-flex-align-self-flex-start\" style=\"--awb-bg-size:cover;--awb-width-large:50%;--awb-margin-top-large:0px;--awb-spacing-right-large:3.84%;--awb-margin-bottom-large:25px;--awb-spacing-left-large:3.84%;--awb-width-medium:100%;--awb-order-medium:0;--awb-spacing-right-medium:1.92%;--awb-spacing-left-medium:1.92%;--awb-width-small:100%;--awb-order-small:0;--awb-spacing-right-small:1.92%;--awb-spacing-left-small:1.92%;\"><div class=\"fusion-column-wrapper fusion-column-has-shadow fusion-flex-justify-content-flex-start fusion-content-layout-column\"><div class=\"fusion-title title fusion-title-1 fusion-sep-none fusion-title-text fusion-title-size-one\" style=\"--awb-margin-top-small:8px;--awb-margin-right-small:0px;--awb-margin-bottom-small:16px;--awb-margin-left-small:0px;\"><h1 class=\"fusion-title-heading title-heading-left fusion-responsive-typography-calculated\" style=\"margin:0;--fontSize:30;line-height:1.2;\"><h1>Businessfotos in unserem Studio in 1010 Wien:<\/h1><\/h1><\/div><div class=\"fusion-text fusion-text-1\"><p>Professionelle Businessfotos sind ein entscheidender Bestandteil deiner beruflichen Pr\u00e4sentation und k\u00f6nnen einen starken Einfluss auf deinen Erfolg haben.<br \/>\nWir sind darauf spezialisiert, dir Businessfotos von h\u00f6chster Qualit\u00e4t zu bieten, die deine Professionalit\u00e4t und Kompetenz optimal zum Ausdruck bringt.<\/p>\n<p>Wir verstehen die Anforderungen des Gesch\u00e4ftsumfelds und wissen, wie man mit Licht, Posen und Hintergr\u00fcnden arbeitet, um Businessfotos zu kreieren, die Vertrauen, Glaubw\u00fcrdigkeit und einen positiven Eindruck vermitteln.<br \/>\nUnser Fotostudio bietet dir eine angenehme und entspannte Atmosph\u00e4re, damit du dich w\u00e4hrend des gesamten Shootings wohl f\u00fchlst. Wir nehmen uns die Zeit, deine Vorstellungen und W\u00fcnsche zu verstehen, um ein Bewerbungsfoto zu gestalten, das deine Pers\u00f6nlichkeit widerspiegelt und zugleich den professionellen Anforderungen gerecht wird.<\/p>\n<\/div><\/div><\/div><div class=\"fusion-layout-column fusion_builder_column fusion-builder-column-1 fusion_builder_column_1_2 1_2 fusion-flex-column fusion-flex-align-self-flex-start\" style=\"--awb-bg-size:cover;--awb-width-large:50%;--awb-margin-top-large:16px;--awb-spacing-right-large:3.84%;--awb-margin-bottom-large:25px;--awb-spacing-left-large:3.84%;--awb-width-medium:100%;--awb-order-medium:0;--awb-spacing-right-medium:1.824%;--awb-spacing-left-medium:1.92%;--awb-width-small:100%;--awb-order-small:0;--awb-spacing-right-small:1.92%;--awb-spacing-left-small:1.92%;\"><div class=\"fusion-column-wrapper fusion-column-has-shadow fusion-flex-justify-content-center fusion-content-layout-column\"><div class=\"fusion-title title fusion-title-2 fusion-sep-none fusion-title-text fusion-title-size-one\" style=\"--awb-margin-top-small:8px;--awb-margin-right-small:0px;--awb-margin-bottom-small:16px;--awb-margin-left-small:0px;\"><h1 class=\"fusion-title-heading title-heading-left fusion-responsive-typography-calculated\" style=\"margin:0;--fontSize:30;line-height:1.2;\"><img decoding=\"async\" class=\"lazyload wp-image-2420 alignnone\" src=\"http:\/\/www.willerth.at\/studio\/wp-content\/uploads\/2021\/05\/Businessfotos-07888-1024x683.jpg\" data-orig-src=\"http:\/\/www.willerth.at\/studio\/wp-content\/uploads\/2021\/05\/Businessfotos-07888-1024x683.jpg\" alt=\"Bewerbungsfotos Wien\" width=\"841\" height=\"561\" srcset=\"data:image\/svg+xml,%3Csvg%20xmlns%3D%27http%3A%2F%2Fwww.w3.org%2F2000%2Fsvg%27%20width%3D%27841%27%20height%3D%27561%27%20viewBox%3D%270%200%20841%20561%27%3E%3Crect%20width%3D%27841%27%20height%3D%27561%27%20fill-opacity%3D%220%22%2F%3E%3C%2Fsvg%3E\" data-srcset=\"https:\/\/www.willerth.at\/studio\/wp-content\/uploads\/2021\/05\/Businessfotos-07888-200x133.jpg 200w, https:\/\/www.willerth.at\/studio\/wp-content\/uploads\/2021\/05\/Businessfotos-07888-300x200.jpg 300w, https:\/\/www.willerth.at\/studio\/wp-content\/uploads\/2021\/05\/Businessfotos-07888-400x267.jpg 400w, https:\/\/www.willerth.at\/studio\/wp-content\/uploads\/2021\/05\/Businessfotos-07888-600x400.jpg 600w, https:\/\/www.willerth.at\/studio\/wp-content\/uploads\/2021\/05\/Businessfotos-07888-768x512.jpg 768w, https:\/\/www.willerth.at\/studio\/wp-content\/uploads\/2021\/05\/Businessfotos-07888-800x533.jpg 800w, https:\/\/www.willerth.at\/studio\/wp-content\/uploads\/2021\/05\/Businessfotos-07888-1024x683.jpg 1024w, https:\/\/www.willerth.at\/studio\/wp-content\/uploads\/2021\/05\/Businessfotos-07888-1200x800.jpg 1200w, https:\/\/www.willerth.at\/studio\/wp-content\/uploads\/2021\/05\/Businessfotos-07888-1536x1024.jpg 1536w, https:\/\/www.willerth.at\/studio\/wp-content\/uploads\/2021\/05\/Businessfotos-07888.jpg 2500w\" data-sizes=\"auto\" data-orig-sizes=\"(max-width: 841px) 100vw, 841px\" \/><\/h1><\/div><\/div><\/div><\/div><\/div><div class=\"fusion-fullwidth fullwidth-box fusion-builder-row-2 fusion-flex-container nonhundred-percent-fullwidth non-hundred-percent-height-scrolling\" style=\"--awb-border-radius-top-left:0px;--awb-border-radius-top-right:0px;--awb-border-radius-bottom-right:0px;--awb-border-radius-bottom-left:0px;--awb-padding-top-small:0px;--awb-margin-top-small:0px;--awb-flex-wrap:wrap;\" ><div class=\"fusion-builder-row fusion-row fusion-flex-align-items-flex-start fusion-flex-content-wrap\" style=\"max-width:1326px;margin-left: calc(-4% \/ 2 );margin-right: calc(-4% \/ 2 );\"><div class=\"fusion-layout-column fusion_builder_column fusion-builder-column-2 fusion_builder_column_1_1 1_1 fusion-flex-column\" style=\"--awb-bg-size:cover;--awb-width-large:100%;--awb-margin-top-large:25px;--awb-spacing-right-large:1.92%;--awb-margin-bottom-large:25px;--awb-spacing-left-large:1.92%;--awb-width-medium:100%;--awb-order-medium:0;--awb-spacing-right-medium:1.92%;--awb-spacing-left-medium:1.92%;--awb-width-small:100%;--awb-order-small:0;--awb-spacing-right-small:1.92%;--awb-spacing-left-small:1.92%;\"><div class=\"fusion-column-wrapper fusion-column-has-shadow fusion-flex-justify-content-flex-start fusion-content-layout-column\"><style type='text\/css'>\n\t\t\t\t.pricing-table-1.fusion-pricing-table .panel-container, .pricing-table-1.fusion-pricing-table .standout .panel-container,\n\t\t\t\t.pricing-table-1.full-boxed-pricing.fusion-pricing-table {background-color:rgba(40,45,51,0.1);}\n\t\t\t\t.pricing-table-1.fusion-pricing-table .list-group .list-group-item,\n\t\t\t\t.pricing-table-1.fusion-pricing-table .list-group .list-group-item:last-child{background-color:#f7f7f7; border-color:rgba(40,45,51,0.1);}\n\t\t\t\t.pricing-table-1.full-boxed-pricing.fusion-pricing-table .panel-wrapper:hover .panel-heading,\n\t\t\t\t.pricing-table-1.fusion-pricing-table .panel-wrapper:hover .list-group-item {background-color:#fafafa;}\n\t\t\t\t.pricing-table-1.full-boxed-pricing.fusion-pricing-table .panel-heading{background-color:#f7f7f7;}\n\t\t\t\t.pricing-table-1.fusion-pricing-table .fusion-panel, .pricing-table-1 .panel-wrapper:last-child .fusion-panel,\n\t\t\t\t.pricing-table-1.fusion-pricing-table .standout .fusion-panel, .pricing-table-1.fusion-pricing-table  .panel-heading,\n\t\t\t\t.pricing-table-1.fusion-pricing-table .panel-body, .pricing-table-1.fusion-pricing-table .panel-footer{border-color:rgba(40,45,51,0.1);}\n\t\t\t\t.pricing-table-1.fusion-pricing-table .panel-body, .pricing-table-1.fusion-pricing-table .panel-footer{background-color:rgba(40,45,51,0.1);}\n\t\t\t\t.pricing-table-1.sep-boxed-pricing.fusion-pricing-table .panel-heading h3{color:#181b20;}\n\t\t\t\t.pricing-table-1.full-boxed-pricing.fusion-pricing-table .panel-heading h3{color:#181b20;}\n\t\t\t\t.pricing-table-1.fusion-pricing-table .panel-body .price .decimal-part{color:#333333;}\n\t\t\t\t.pricing-table-1.fusion-pricing-table .panel-body .price .integer-part{color:#333333;}\n\t\t\t\t.pricing-table-1.fusion-pricing-table ul.list-group li{color:#656a70;}\n\t\t\t\t<\/style><div class=\"fusion-pricing-table pricing-table-1 sep-boxed-pricing row fusion-columns-3 columns-3 fusion-clearfix\"><div class=\"panel-wrapper fusion-column column col-lg-4 col-md-4 col-sm-4 fusion-pricingtable-column\"><div class=\"panel-container\"><div class=\"fusion-panel\"><div class=\"panel-heading\"><h3 class=\"title-row\">SMALL<\/h3><\/div><div class=\"panel-body pricing-row\"><div class=\"price \"><span class=\"currency\">\u20ac<\/span><span class=\"integer-part\">149<\/span><\/div><\/div><ul class=\"list-group\"><li class=\"list-group-item normal-row\">\u201eProfessionell auftreten \u2013 ideal f\u00fcr schnelle Businessportr\u00e4ts.\u201c<\/li><li class=\"list-group-item normal-row\">1 hochwertiges Businessfoto<\/li><li class=\"list-group-item normal-row\">Basic-Retusche<\/li><li class=\"list-group-item normal-row\">Auswahl aus mehreren Aufnahmen<\/li><li class=\"list-group-item normal-row\">Digitales Foto in hoher Aufl\u00f6sung<\/li><\/ul><div class=\"panel-footer footer-row\"><div class=\"fusion-button-wrapper\"><a class=\"fusion-button button-flat fusion-button-default-size button-default fusion-button-default button-1 fusion-button-default-span fusion-button-default-type\" target=\"_self\" href=\"https:\/\/www.willerth.at\/studio\/buchung\/\"><span class=\"fusion-button-text awb-button__text awb-button__text--default\">TERMIN BUCHEN<\/span><\/a><\/div><\/div><\/div><\/div><\/div><div class=\"panel-wrapper fusion-column column col-lg-4 col-md-4 col-sm-4 standout fusion-pricingtable-column\"><div class=\"panel-container\"><div class=\"fusion-panel\"><div class=\"panel-heading\"><h3 class=\"title-row\">MEDIUM<\/h3><\/div><div class=\"panel-body pricing-row\"><div class=\"price \"><span class=\"currency\">\u20ac<\/span><span class=\"integer-part\">199<\/span><\/div><\/div><ul class=\"list-group\"><li class=\"list-group-item normal-row\">\u201eF\u00fcr vielseitige Businessprofile \u2013 mehr Optionen, mehr Professionalit\u00e4t.\u201c<\/li><li class=\"list-group-item normal-row\">2 professionelle Businessfotos<\/li><li class=\"list-group-item normal-row\">Hochwertige Retusche f\u00fcr die ausgew\u00e4hlten Fotos<\/li><li class=\"list-group-item normal-row\">Outfitwechsel m\u00f6glich<\/li><li class=\"list-group-item normal-row\">45-min\u00fctige Fotosession mit individueller Anleitung<\/li><li class=\"list-group-item normal-row\">Digitale Fotos in hoher und niedriger Aufl\u00f6sung<\/li><\/ul><div class=\"panel-footer footer-row\"><div class=\"fusion-button-wrapper\"><a class=\"fusion-button button-flat fusion-button-default-size button-default fusion-button-default button-2 fusion-button-default-span fusion-button-default-type\" target=\"_self\" href=\"https:\/\/www.willerth.at\/studio\/buchung\/\"><span class=\"fusion-button-text awb-button__text awb-button__text--default\">TERMIN BUCHEN<\/span><\/a><\/div><\/div><\/div><\/div><\/div><div class=\"panel-wrapper fusion-column column col-lg-4 col-md-4 col-sm-4 fusion-pricingtable-column\"><div class=\"panel-container\"><div class=\"fusion-panel\"><div class=\"panel-heading\"><h3 class=\"title-row\">XL<\/h3><\/div><div class=\"panel-body pricing-row\"><div class=\"price \"><span class=\"currency\">\u20ac<\/span><span class=\"integer-part\">249<\/span><\/div><\/div><ul class=\"list-group\"><li class=\"list-group-item normal-row\">\u201eDer Premium-Auftritt: Perfekte Businessfotos, die \u00fcberzeugen.\u201c<\/li><li class=\"list-group-item normal-row\">5 professionelle Businessfotos zur Auswahl<\/li><li class=\"list-group-item normal-row\">Ausf\u00fchrliche Retusche f\u00fcr alle ausgew\u00e4hlten Fotos<\/li><li class=\"list-group-item normal-row\">Beratung zu Outfit, Look und Hintergrund<\/li><li class=\"list-group-item normal-row\">Bis zu 2 Outfitwechsel m\u00f6glich<\/li><li class=\"list-group-item normal-row\">60-min\u00fctige Fotosession mit individueller Beratung<\/li><li class=\"list-group-item normal-row\">Digitale Fotos in hoher und niedriger Aufl\u00f6sung<\/li><\/ul><div class=\"panel-footer footer-row\">\n<div class=\"fusion-button-wrapper\"><a class=\"fusion-button button-flat fusion-button-default-size button-default fusion-button-default button-3 fusion-button-default-span fusion-button-default-type\" target=\"_self\" href=\"https:\/\/www.willerth.at\/studio\/buchung\/\"><span class=\"fusion-button-text awb-button__text awb-button__text--default\">TERMIN BUCHEN<\/span><\/a><\/div>\n<\/div><\/div><\/div><\/div><\/div><\/div><\/div><\/div><\/div><div class=\"fusion-fullwidth fullwidth-box fusion-builder-row-3 fusion-flex-container nonhundred-percent-fullwidth non-hundred-percent-height-scrolling\" style=\"--awb-border-radius-top-left:0px;--awb-border-radius-top-right:0px;--awb-border-radius-bottom-right:0px;--awb-border-radius-bottom-left:0px;--awb-flex-wrap:wrap;\" ><div class=\"fusion-builder-row fusion-row fusion-flex-align-items-flex-start fusion-flex-content-wrap\" style=\"max-width:1326px;margin-left: calc(-4% \/ 2 );margin-right: calc(-4% \/ 2 );\"><div class=\"fusion-layout-column fusion_builder_column fusion-builder-column-3 fusion_builder_column_1_3 1_3 fusion-flex-column\" style=\"--awb-bg-size:cover;--awb-width-large:33.333333333333%;--awb-margin-top-large:25px;--awb-spacing-right-large:5.76%;--awb-margin-bottom-large:25px;--awb-spacing-left-large:5.76%;--awb-width-medium:100%;--awb-order-medium:0;--awb-spacing-right-medium:1.92%;--awb-spacing-left-medium:1.92%;--awb-width-small:100%;--awb-order-small:0;--awb-spacing-right-small:1.92%;--awb-spacing-left-small:1.92%;\"><div class=\"fusion-column-wrapper fusion-column-has-shadow fusion-flex-justify-content-flex-start fusion-content-layout-column\"><\/div><\/div><div class=\"fusion-layout-column fusion_builder_column fusion-builder-column-4 fusion_builder_column_1_3 1_3 fusion-flex-column\" style=\"--awb-padding-top:10px;--awb-padding-right:10px;--awb-padding-bottom:10px;--awb-padding-left:10px;--awb-bg-color:#e5e5e5;--awb-bg-color-hover:#e5e5e5;--awb-bg-size:cover;--awb-width-large:33.333333333333%;--awb-margin-top-large:0px;--awb-spacing-right-large:0%;--awb-margin-bottom-large:0px;--awb-spacing-left-large:0%;--awb-width-medium:100%;--awb-order-medium:0;--awb-spacing-right-medium:1.92%;--awb-spacing-left-medium:1.92%;--awb-width-small:100%;--awb-order-small:0;--awb-spacing-right-small:1.92%;--awb-spacing-left-small:1.92%;\"><div class=\"fusion-column-wrapper fusion-column-has-shadow fusion-flex-justify-content-flex-start fusion-content-layout-column\"><div class=\"fusion-title title fusion-title-3 fusion-sep-none fusion-title-text fusion-title-size-one\" style=\"--awb-margin-top-small:8px;--awb-margin-right-small:0px;--awb-margin-bottom-small:16px;--awb-margin-left-small:0px;\"><h1 class=\"fusion-title-heading title-heading-left fusion-responsive-typography-calculated\" style=\"margin:0;--fontSize:30;line-height:1.2;\">Zusatzleistungen:<\/h1><\/div><div class=\"fusion-text fusion-text-2\"><p>je weiteres Foto (hoch aufgel\u00f6st) mit Bildbearbeitung: <strong>25\u20ac<br \/>\n<\/strong>alle Fotos der Onlinegalerie als Download: <strong>48\u20ac<\/strong><\/p>\n<\/div><\/div><\/div><div class=\"fusion-layout-column fusion_builder_column fusion-builder-column-5 fusion_builder_column_1_3 1_3 fusion-flex-column\" style=\"--awb-bg-size:cover;--awb-width-large:33.333333333333%;--awb-margin-top-large:25px;--awb-spacing-right-large:5.76%;--awb-margin-bottom-large:25px;--awb-spacing-left-large:5.76%;--awb-width-medium:100%;--awb-order-medium:0;--awb-spacing-right-medium:1.92%;--awb-spacing-left-medium:1.92%;--awb-width-small:100%;--awb-order-small:0;--awb-spacing-right-small:1.92%;--awb-spacing-left-small:1.92%;\"><div class=\"fusion-column-wrapper fusion-column-has-shadow fusion-flex-justify-content-flex-start fusion-content-layout-column\"><\/div><\/div><\/div><\/div><\/p>\n","protected":false},"excerpt":{"rendered":"","protected":false},"author":2,"featured_media":0,"parent":0,"menu_order":0,"comment_status":"closed","ping_status":"closed","template":"","meta":{"_acf_changed":false,"content-type":"","footnotes":""},"class_list":["post-2280","page","type-page","status-publish","hentry"],"acf":[],"_links":{"self":[{"href":"https:\/\/www.willerth.at\/studio\/wp-json\/wp\/v2\/pages\/2280","targetHints":{"allow":["GET"]}}],"collection":[{"href":"https:\/\/www.willerth.at\/studio\/wp-json\/wp\/v2\/pages"}],"about":[{"href":"https:\/\/www.willerth.at\/studio\/wp-json\/wp\/v2\/types\/page"}],"author":[{"embeddable":true,"href":"https:\/\/www.willerth.at\/studio\/wp-json\/wp\/v2\/users\/2"}],"replies":[{"embeddable":true,"href":"https:\/\/www.willerth.at\/studio\/wp-json\/wp\/v2\/comments?post=2280"}],"version-history":[{"count":37,"href":"https:\/\/www.willerth.at\/studio\/wp-json\/wp\/v2\/pages\/2280\/revisions"}],"predecessor-version":[{"id":2888,"href":"https:\/\/www.willerth.at\/studio\/wp-json\/wp\/v2\/pages\/2280\/revisions\/2888"}],"wp:attachment":[{"href":"https:\/\/www.willerth.at\/studio\/wp-json\/wp\/v2\/media?parent=2280"}],"curies":[{"name":"wp","href":"https:\/\/api.w.org\/{rel}","templated":true}]}}