{"id":2783,"date":"2024-12-28T19:30:23","date_gmt":"2024-12-28T18:30:23","guid":{"rendered":"https:\/\/www.willerth.at\/studio\/?page_id=2783"},"modified":"2024-12-29T00:33:58","modified_gmt":"2024-12-28T23:33:58","slug":"mitarbeiterfotos-professionelle-businessportraits-fuer-ihr-unternehmen","status":"publish","type":"page","link":"https:\/\/www.willerth.at\/studio\/mitarbeiterfotos-professionelle-businessportraits-fuer-ihr-unternehmen\/","title":{"rendered":"Mitarbeiterfotos \u2013 Professionelle Businessportraits f\u00fcr Ihr Unternehmen"},"content":{"rendered":"<p><div class=\"fusion-fullwidth fullwidth-box fusion-builder-row-1 fusion-flex-container has-pattern-background has-mask-background nonhundred-percent-fullwidth non-hundred-percent-height-scrolling\" style=\"--awb-border-radius-top-left:0px;--awb-border-radius-top-right:0px;--awb-border-radius-bottom-right:0px;--awb-border-radius-bottom-left:0px;--awb-padding-bottom:0px;--awb-margin-bottom:0px;--awb-flex-wrap:wrap;\" ><div class=\"fusion-builder-row fusion-row fusion-flex-align-items-flex-start fusion-flex-content-wrap\" style=\"max-width:1326px;margin-left: calc(-4% \/ 2 );margin-right: calc(-4% \/ 2 );\"><div class=\"fusion-layout-column fusion_builder_column fusion-builder-column-0 fusion_builder_column_1_2 1_2 fusion-flex-column\" style=\"--awb-bg-size:cover;--awb-width-large:50%;--awb-margin-top-large:25px;--awb-spacing-right-large:3.84%;--awb-margin-bottom-large:25px;--awb-spacing-left-large:3.84%;--awb-width-medium:100%;--awb-order-medium:0;--awb-spacing-right-medium:1.92%;--awb-spacing-left-medium:1.92%;--awb-width-small:100%;--awb-order-small:0;--awb-spacing-right-small:1.92%;--awb-spacing-left-small:1.92%;\"><div class=\"fusion-column-wrapper fusion-column-has-shadow fusion-flex-justify-content-flex-start fusion-content-layout-column\"><div class=\"fusion-title title fusion-title-1 fusion-sep-none fusion-title-text fusion-title-size-one\" style=\"--awb-margin-top-small:8px;--awb-margin-right-small:0px;--awb-margin-bottom-small:16px;--awb-margin-left-small:0px;\"><h1 class=\"fusion-title-heading title-heading-left fusion-responsive-typography-calculated\" style=\"margin:0;--fontSize:30;line-height:1.2;\">Mitarbeiterfotos<\/p>\n<p>Professionelle Businessportraits f\u00fcr Ihr Unternehmen<\/h1><\/div><div class=\"fusion-text fusion-text-1\"><p>Ein aussagekr\u00e4ftiges Mitarbeiterfoto ist die Visitenkarte Ihres Unternehmens. Ob f\u00fcr die Website, Social-Media-Profile wie LinkedIn oder klassische Unternehmensbrosch\u00fcren \u2013 hochwertige Businessportraits strahlen Professionalit\u00e4t, Sympathie und Vertrauen aus.<\/p>\n<p>In meinem Fotostudio in der <strong>Speisingerstra\u00dfe 18, Wien<\/strong> oder direkt <strong>bei Ihnen im Unternehmen<\/strong> biete ich moderne und professionelle Mitarbeiterfotos an, die perfekt auf Ihr Corporate Design und die Werte Ihres Unternehmens abgestimmt sind.<\/p>\n<h4><\/h4>\n<\/div><\/div><\/div><div class=\"fusion-layout-column fusion_builder_column fusion-builder-column-1 fusion_builder_column_1_2 1_2 fusion-flex-column\" style=\"--awb-bg-size:cover;--awb-width-large:50%;--awb-margin-top-large:25px;--awb-spacing-right-large:3.84%;--awb-margin-bottom-large:25px;--awb-spacing-left-large:3.84%;--awb-width-medium:100%;--awb-order-medium:0;--awb-spacing-right-medium:1.92%;--awb-spacing-left-medium:1.92%;--awb-width-small:100%;--awb-order-small:0;--awb-spacing-right-small:1.92%;--awb-spacing-left-small:1.92%;\"><div class=\"fusion-column-wrapper fusion-column-has-shadow fusion-flex-justify-content-flex-start fusion-content-layout-column\"><div class=\"fusion-image-carousel fusion-image-carousel-auto fusion-image-carousel-1\"><div class=\"awb-carousel awb-swiper awb-swiper-carousel awb-carousel--carousel awb-swiper-dots-position-bottom\" data-layout=\"carousel\" data-autoplay=\"yes\" data-autoplayspeed=\"2500\" data-autoplaypause=\"no\" data-loop=\"yes\" data-columns=\"2\" data-columnsmedium=\"1\" data-columnssmall=\"1\" data-itemmargin=\"20\" data-itemwidth=\"180\" data-touchscroll=\"no\" data-freemode=\"no\" data-imagesize=\"auto\" data-scrollitems=\"0\" data-centeredslides=\"no\" data-rotationangle=\"50\" data-depth=\"100\" data-speed=\"500\" data-shadow=\"no\" data-pagination=\"bullets\" style=\"--awb-columns:2;--awb-column-spacing:20px;\"><div class=\"swiper-wrapper awb-image-carousel-wrapper fusion-flex-align-items-center\"><div class=\"swiper-slide\"><div class=\"fusion-carousel-item-wrapper\"><div class=\"fusion-image-wrapper hover-type-none\"><img decoding=\"async\" width=\"1707\" height=\"2560\" src=\"https:\/\/www.willerth.at\/studio\/wp-content\/uploads\/2024\/12\/20211013-JUN05315-Bearbeitet-scaled.jpg\" class=\"attachment-full size-full lazyload\" alt=\"\" srcset=\"data:image\/svg+xml,%3Csvg%20xmlns%3D%27http%3A%2F%2Fwww.w3.org%2F2000%2Fsvg%27%20width%3D%271707%27%20height%3D%272560%27%20viewBox%3D%270%200%201707%202560%27%3E%3Crect%20width%3D%271707%27%20height%3D%272560%27%20fill-opacity%3D%220%22%2F%3E%3C%2Fsvg%3E\" data-orig-src=\"https:\/\/www.willerth.at\/studio\/wp-content\/uploads\/2024\/12\/20211013-JUN05315-Bearbeitet-scaled.jpg\" data-srcset=\"https:\/\/www.willerth.at\/studio\/wp-content\/uploads\/2024\/12\/20211013-JUN05315-Bearbeitet-200x300.jpg 200w, https:\/\/www.willerth.at\/studio\/wp-content\/uploads\/2024\/12\/20211013-JUN05315-Bearbeitet-400x600.jpg 400w, https:\/\/www.willerth.at\/studio\/wp-content\/uploads\/2024\/12\/20211013-JUN05315-Bearbeitet-600x900.jpg 600w, https:\/\/www.willerth.at\/studio\/wp-content\/uploads\/2024\/12\/20211013-JUN05315-Bearbeitet-800x1200.jpg 800w, https:\/\/www.willerth.at\/studio\/wp-content\/uploads\/2024\/12\/20211013-JUN05315-Bearbeitet-1200x1800.jpg 1200w, https:\/\/www.willerth.at\/studio\/wp-content\/uploads\/2024\/12\/20211013-JUN05315-Bearbeitet-scaled.jpg 1707w\" data-sizes=\"auto\" \/><\/div><\/div><\/div><div class=\"swiper-slide\"><div class=\"fusion-carousel-item-wrapper\"><div class=\"fusion-image-wrapper hover-type-none\"><img decoding=\"async\" width=\"1707\" height=\"2560\" src=\"https:\/\/www.willerth.at\/studio\/wp-content\/uploads\/2024\/12\/20211013-JUN05234-Bearbeitet-scaled.jpg\" class=\"attachment-full size-full lazyload\" alt=\"\" srcset=\"data:image\/svg+xml,%3Csvg%20xmlns%3D%27http%3A%2F%2Fwww.w3.org%2F2000%2Fsvg%27%20width%3D%271707%27%20height%3D%272560%27%20viewBox%3D%270%200%201707%202560%27%3E%3Crect%20width%3D%271707%27%20height%3D%272560%27%20fill-opacity%3D%220%22%2F%3E%3C%2Fsvg%3E\" data-orig-src=\"https:\/\/www.willerth.at\/studio\/wp-content\/uploads\/2024\/12\/20211013-JUN05234-Bearbeitet-scaled.jpg\" data-srcset=\"https:\/\/www.willerth.at\/studio\/wp-content\/uploads\/2024\/12\/20211013-JUN05234-Bearbeitet-200x300.jpg 200w, https:\/\/www.willerth.at\/studio\/wp-content\/uploads\/2024\/12\/20211013-JUN05234-Bearbeitet-400x600.jpg 400w, https:\/\/www.willerth.at\/studio\/wp-content\/uploads\/2024\/12\/20211013-JUN05234-Bearbeitet-600x900.jpg 600w, https:\/\/www.willerth.at\/studio\/wp-content\/uploads\/2024\/12\/20211013-JUN05234-Bearbeitet-800x1200.jpg 800w, https:\/\/www.willerth.at\/studio\/wp-content\/uploads\/2024\/12\/20211013-JUN05234-Bearbeitet-1200x1800.jpg 1200w, https:\/\/www.willerth.at\/studio\/wp-content\/uploads\/2024\/12\/20211013-JUN05234-Bearbeitet-scaled.jpg 1707w\" data-sizes=\"auto\" \/><\/div><\/div><\/div><div class=\"swiper-slide\"><div class=\"fusion-carousel-item-wrapper\"><div class=\"fusion-image-wrapper hover-type-none\"><img decoding=\"async\" width=\"1707\" height=\"2560\" src=\"https:\/\/www.willerth.at\/studio\/wp-content\/uploads\/2024\/12\/20211013-JUN05578-Bearbeitet-scaled.jpg\" class=\"attachment-full size-full lazyload\" alt=\"\" srcset=\"data:image\/svg+xml,%3Csvg%20xmlns%3D%27http%3A%2F%2Fwww.w3.org%2F2000%2Fsvg%27%20width%3D%271707%27%20height%3D%272560%27%20viewBox%3D%270%200%201707%202560%27%3E%3Crect%20width%3D%271707%27%20height%3D%272560%27%20fill-opacity%3D%220%22%2F%3E%3C%2Fsvg%3E\" data-orig-src=\"https:\/\/www.willerth.at\/studio\/wp-content\/uploads\/2024\/12\/20211013-JUN05578-Bearbeitet-scaled.jpg\" data-srcset=\"https:\/\/www.willerth.at\/studio\/wp-content\/uploads\/2024\/12\/20211013-JUN05578-Bearbeitet-200x300.jpg 200w, https:\/\/www.willerth.at\/studio\/wp-content\/uploads\/2024\/12\/20211013-JUN05578-Bearbeitet-400x600.jpg 400w, https:\/\/www.willerth.at\/studio\/wp-content\/uploads\/2024\/12\/20211013-JUN05578-Bearbeitet-600x900.jpg 600w, https:\/\/www.willerth.at\/studio\/wp-content\/uploads\/2024\/12\/20211013-JUN05578-Bearbeitet-800x1200.jpg 800w, https:\/\/www.willerth.at\/studio\/wp-content\/uploads\/2024\/12\/20211013-JUN05578-Bearbeitet-1200x1800.jpg 1200w, https:\/\/www.willerth.at\/studio\/wp-content\/uploads\/2024\/12\/20211013-JUN05578-Bearbeitet-scaled.jpg 1707w\" data-sizes=\"auto\" \/><\/div><\/div><\/div><div class=\"swiper-slide\"><div class=\"fusion-carousel-item-wrapper\"><div class=\"fusion-image-wrapper hover-type-none\"><img decoding=\"async\" width=\"1707\" height=\"2560\" src=\"https:\/\/www.willerth.at\/studio\/wp-content\/uploads\/2024\/12\/20211013-JUN05668-Bearbeitet-scaled.jpg\" class=\"attachment-full size-full lazyload\" alt=\"\" srcset=\"data:image\/svg+xml,%3Csvg%20xmlns%3D%27http%3A%2F%2Fwww.w3.org%2F2000%2Fsvg%27%20width%3D%271707%27%20height%3D%272560%27%20viewBox%3D%270%200%201707%202560%27%3E%3Crect%20width%3D%271707%27%20height%3D%272560%27%20fill-opacity%3D%220%22%2F%3E%3C%2Fsvg%3E\" data-orig-src=\"https:\/\/www.willerth.at\/studio\/wp-content\/uploads\/2024\/12\/20211013-JUN05668-Bearbeitet-scaled.jpg\" data-srcset=\"https:\/\/www.willerth.at\/studio\/wp-content\/uploads\/2024\/12\/20211013-JUN05668-Bearbeitet-200x300.jpg 200w, https:\/\/www.willerth.at\/studio\/wp-content\/uploads\/2024\/12\/20211013-JUN05668-Bearbeitet-400x600.jpg 400w, https:\/\/www.willerth.at\/studio\/wp-content\/uploads\/2024\/12\/20211013-JUN05668-Bearbeitet-600x900.jpg 600w, https:\/\/www.willerth.at\/studio\/wp-content\/uploads\/2024\/12\/20211013-JUN05668-Bearbeitet-800x1200.jpg 800w, https:\/\/www.willerth.at\/studio\/wp-content\/uploads\/2024\/12\/20211013-JUN05668-Bearbeitet-1200x1800.jpg 1200w, https:\/\/www.willerth.at\/studio\/wp-content\/uploads\/2024\/12\/20211013-JUN05668-Bearbeitet-scaled.jpg 1707w\" data-sizes=\"auto\" \/><\/div><\/div><\/div><\/div><\/div><\/div><\/div><\/div><\/div><\/div><div class=\"fusion-fullwidth fullwidth-box fusion-builder-row-2 fusion-flex-container has-pattern-background has-mask-background nonhundred-percent-fullwidth non-hundred-percent-height-scrolling\" style=\"--awb-border-radius-top-left:0px;--awb-border-radius-top-right:0px;--awb-border-radius-bottom-right:0px;--awb-border-radius-bottom-left:0px;--awb-padding-top:0px;--awb-margin-top:0px;--awb-flex-wrap:wrap;\" ><div class=\"fusion-builder-row fusion-row fusion-flex-align-items-flex-start fusion-flex-content-wrap\" style=\"max-width:1326px;margin-left: calc(-4% \/ 2 );margin-right: calc(-4% \/ 2 );\"><div class=\"fusion-layout-column fusion_builder_column fusion-builder-column-2 fusion_builder_column_1_3 1_3 fusion-flex-column\" style=\"--awb-bg-size:cover;--awb-width-large:33.333333333333%;--awb-margin-top-large:25px;--awb-spacing-right-large:5.76%;--awb-margin-bottom-large:25px;--awb-spacing-left-large:5.76%;--awb-width-medium:100%;--awb-order-medium:0;--awb-spacing-right-medium:1.92%;--awb-spacing-left-medium:1.92%;--awb-width-small:100%;--awb-order-small:0;--awb-spacing-right-small:1.92%;--awb-spacing-left-small:1.92%;\"><div class=\"fusion-column-wrapper fusion-column-has-shadow fusion-flex-justify-content-flex-start fusion-content-layout-column\"><div class=\"fusion-text fusion-text-2\"><h4><strong>Warum professionelle Mitarbeiterfotos wichtig sind:<\/strong><\/h4>\n<ul>\n<li><strong>Erster Eindruck:<\/strong> Hochwertige Fotos hinterlassen einen positiven Eindruck bei potenziellen Kunden und Gesch\u00e4ftspartnern.<\/li>\n<li><strong>Corporate Identity:<\/strong> Einheitliche Fotos st\u00e4rken das Auftreten und die Wiedererkennung Ihrer Marke.<\/li>\n<li><strong>Vertrauen schaffen:<\/strong> Sympathische und authentische Bilder zeigen die Menschen hinter Ihrem Unternehmen und machen Sie nahbarer.<\/li>\n<\/ul>\n<\/div><\/div><\/div><div class=\"fusion-layout-column fusion_builder_column fusion-builder-column-3 fusion_builder_column_1_3 1_3 fusion-flex-column\" style=\"--awb-bg-size:cover;--awb-width-large:33.333333333333%;--awb-margin-top-large:25px;--awb-spacing-right-large:5.76%;--awb-margin-bottom-large:25px;--awb-spacing-left-large:5.76%;--awb-width-medium:100%;--awb-order-medium:0;--awb-spacing-right-medium:1.92%;--awb-spacing-left-medium:1.92%;--awb-width-small:100%;--awb-order-small:0;--awb-spacing-right-small:1.92%;--awb-spacing-left-small:1.92%;\"><div class=\"fusion-column-wrapper fusion-column-has-shadow fusion-flex-justify-content-flex-start fusion-content-layout-column\"><div class=\"fusion-text fusion-text-3\"><h4><span style=\"font-family: var(--awb-text-font-family); font-size: var(--awb-font-size); font-style: var(--awb-text-font-style); letter-spacing: var(--awb-letter-spacing); text-align: var(--awb-content-alignment); text-transform: var(--awb-text-transform);\">So funktioniert es:<\/span><\/h4>\n<p><b>Beratung:<\/b> Wir kl\u00e4ren Ihre W\u00fcnsche und den geplanten Einsatz der Mitarbeiterfotos. Ob in meinem Studio oder bei Ihnen im Unternehmen \u2013 ich komme Ihren Anforderungen flexibel entgegen.<\/p>\n<p><b>Shooting:<\/b> Entspanntes Fotoshooting, bei dem ich klare Anweisungen gebe, um authentische und sympathische Bilder zu erstellen.<\/p>\n<p><b>Bildauswahl:<\/b> Sie w\u00e4hlen Ihre Favoriten bequem aus einer Online-Galerie aus.<\/p>\n<p><b>Bearbeitung:<\/b> Ihre ausgew\u00e4hlten Fotos werden professionell retuschiert und in h\u00f6chster Qualit\u00e4t geliefert.<\/p>\n<\/div><\/div><\/div><div class=\"fusion-layout-column fusion_builder_column fusion-builder-column-4 fusion_builder_column_1_3 1_3 fusion-flex-column\" style=\"--awb-padding-right:20px;--awb-padding-bottom:20px;--awb-padding-left:20px;--awb-bg-color:#f5f5dc;--awb-bg-color-hover:#f5f5dc;--awb-bg-size:cover;--awb-width-large:33.333333333333%;--awb-margin-top-large:26px;--awb-spacing-right-large:5.76%;--awb-margin-bottom-large:25px;--awb-spacing-left-large:1.44%;--awb-width-medium:100%;--awb-order-medium:0;--awb-spacing-right-medium:1.92%;--awb-spacing-left-medium:1.92%;--awb-width-small:100%;--awb-order-small:0;--awb-spacing-right-small:1.92%;--awb-spacing-left-small:1.92%;\"><div class=\"fusion-column-wrapper fusion-column-has-shadow fusion-flex-justify-content-flex-start fusion-content-layout-column\"><div class=\"fusion-text fusion-text-4\"><h4><strong>Kontakt &amp; Terminvereinbarung<\/strong><\/h4>\n<p>Sichern Sie sich jetzt einen Termin und pr\u00e4sentieren Sie Ihr Team von seiner besten Seite \u2013 ob im Fotostudio oder direkt in Ihrem Unternehmen!<\/p>\n<p><b>Telefon:<\/b> 0664 133 69 83<br \/>\n<b>Email:<\/b> office@willerth.at<\/p>\n<\/div><\/div><\/div><\/div><\/div><\/p>\n","protected":false},"excerpt":{"rendered":"","protected":false},"author":2,"featured_media":0,"parent":0,"menu_order":0,"comment_status":"closed","ping_status":"closed","template":"","meta":{"_acf_changed":false,"content-type":"","footnotes":""},"class_list":["post-2783","page","type-page","status-publish","hentry"],"acf":[],"_links":{"self":[{"href":"https:\/\/www.willerth.at\/studio\/wp-json\/wp\/v2\/pages\/2783","targetHints":{"allow":["GET"]}}],"collection":[{"href":"https:\/\/www.willerth.at\/studio\/wp-json\/wp\/v2\/pages"}],"about":[{"href":"https:\/\/www.willerth.at\/studio\/wp-json\/wp\/v2\/types\/page"}],"author":[{"embeddable":true,"href":"https:\/\/www.willerth.at\/studio\/wp-json\/wp\/v2\/users\/2"}],"replies":[{"embeddable":true,"href":"https:\/\/www.willerth.at\/studio\/wp-json\/wp\/v2\/comments?post=2783"}],"version-history":[{"count":5,"href":"https:\/\/www.willerth.at\/studio\/wp-json\/wp\/v2\/pages\/2783\/revisions"}],"predecessor-version":[{"id":2793,"href":"https:\/\/www.willerth.at\/studio\/wp-json\/wp\/v2\/pages\/2783\/revisions\/2793"}],"wp:attachment":[{"href":"https:\/\/www.willerth.at\/studio\/wp-json\/wp\/v2\/media?parent=2783"}],"curies":[{"name":"wp","href":"https:\/\/api.w.org\/{rel}","templated":true}]}}