{"id":2481,"date":"2021-12-02T13:42:34","date_gmt":"2021-12-02T12:42:34","guid":{"rendered":"http:\/\/www.willerth.at\/studio\/?post_type=product&#038;p=2481"},"modified":"2024-12-26T17:30:44","modified_gmt":"2024-12-26T16:30:44","slug":"gutschein-businessfotos-xl","status":"publish","type":"product","link":"https:\/\/www.willerth.at\/studio\/produkt\/gutschein-businessfotos-xl\/","title":{"rendered":"Businessfotos XL"},"content":{"rendered":"<p>\u201eDer Premium-Auftritt: Perfekte Businessfotos, die \u00fcberzeugen.\u201c<\/p>\n<ul>\n<li><strong>Inklusive:<\/strong>\n<ul>\n<li>5 professionelle Businessfotos zur Auswahl<\/li>\n<li>Ausf\u00fchrliche Retusche f\u00fcr alle ausgew\u00e4hlten Fotos<\/li>\n<li>Beratung zu Outfit, Look und Hintergrund<\/li>\n<li>Bis zu 2 Outfitwechsel m\u00f6glich<\/li>\n<li>60-min\u00fctige Fotosession mit individueller Beratung<\/li>\n<li>Digitale Fotos in hoher und niedriger Aufl\u00f6sung<\/li>\n<\/ul>\n<\/li>\n<\/ul>\n","protected":false},"excerpt":{"rendered":"<p>\u201eDer Premium-Auftritt: Perfekte Businessfotos, die \u00fcberzeugen.\u201c Inklusive: 5 professionelle Businessfotos zur Auswahl  &#8230;<\/p>\n","protected":false},"featured_media":2490,"template":"","meta":{"_acf_changed":false,"content-type":""},"product_brand":[],"product_cat":[39],"product_tag":[],"class_list":{"0":"post-2481","1":"product","2":"type-product","3":"status-publish","4":"has-post-thumbnail","6":"product_cat-businessfotos","8":"first","9":"instock","10":"taxable","11":"shipping-taxable","12":"purchasable","13":"product-type-simple"},"acf":[],"_links":{"self":[{"href":"https:\/\/www.willerth.at\/studio\/wp-json\/wp\/v2\/product\/2481","targetHints":{"allow":["GET"]}}],"collection":[{"href":"https:\/\/www.willerth.at\/studio\/wp-json\/wp\/v2\/product"}],"about":[{"href":"https:\/\/www.willerth.at\/studio\/wp-json\/wp\/v2\/types\/product"}],"wp:featuredmedia":[{"embeddable":true,"href":"https:\/\/www.willerth.at\/studio\/wp-json\/wp\/v2\/media\/2490"}],"wp:attachment":[{"href":"https:\/\/www.willerth.at\/studio\/wp-json\/wp\/v2\/media?parent=2481"}],"wp:term":[{"taxonomy":"product_brand","embeddable":true,"href":"https:\/\/www.willerth.at\/studio\/wp-json\/wp\/v2\/product_brand?post=2481"},{"taxonomy":"product_cat","embeddable":true,"href":"https:\/\/www.willerth.at\/studio\/wp-json\/wp\/v2\/product_cat?post=2481"},{"taxonomy":"product_tag","embeddable":true,"href":"https:\/\/www.willerth.at\/studio\/wp-json\/wp\/v2\/product_tag?post=2481"}],"curies":[{"name":"wp","href":"https:\/\/api.w.org\/{rel}","templated":true}]}}