{"id":2493,"date":"2021-12-02T14:43:52","date_gmt":"2021-12-02T13:43:52","guid":{"rendered":"http:\/\/www.willerth.at\/studio\/?post_type=product&#038;p=2493"},"modified":"2024-12-26T17:06:05","modified_gmt":"2024-12-26T16:06:05","slug":"bewerbungsfoto-xl","status":"publish","type":"product","link":"https:\/\/www.willerth.at\/studio\/produkt\/bewerbungsfoto-xl\/","title":{"rendered":"Bewerbungsfoto XL"},"content":{"rendered":"<p>\u201eF\u00fcr den bleibenden Eindruck: Perfekte Bewerbungsfotos f\u00fcr gehobene Anspr\u00fcche.\u201c<\/p>\n<ul>\n<li><strong>Inklusive:<\/strong>\n<ul>\n<li>3 professionelle Bewerbungsfotos zur Auswahl<\/li>\n<li>Ausf\u00fchrliche Retusche f\u00fcr alle ausgew\u00e4hlten Fotos<\/li>\n<li>Beratung zum Outfit und Look<\/li>\n<li>45-min\u00fctige Fotosession<\/li>\n<li>Digitale Fotos in hoher und niedriger Aufl\u00f6sung<\/li>\n<\/ul>\n<\/li>\n<\/ul>\n","protected":false},"excerpt":{"rendered":"<p>\u201eF\u00fcr den bleibenden Eindruck: Perfekte Bewerbungsfotos f\u00fcr gehobene Anspr\u00fcche.\u201c Inklusive: 3 professionelle  &#8230;<\/p>\n","protected":false},"featured_media":2490,"template":"","meta":{"_acf_changed":false,"content-type":""},"product_brand":[],"product_cat":[15],"product_tag":[],"class_list":{"0":"post-2493","1":"product","2":"type-product","3":"status-publish","4":"has-post-thumbnail","6":"product_cat-unkategorisiert","8":"first","9":"instock","10":"taxable","11":"shipping-taxable","12":"purchasable","13":"product-type-simple"},"acf":[],"_links":{"self":[{"href":"https:\/\/www.willerth.at\/studio\/wp-json\/wp\/v2\/product\/2493","targetHints":{"allow":["GET"]}}],"collection":[{"href":"https:\/\/www.willerth.at\/studio\/wp-json\/wp\/v2\/product"}],"about":[{"href":"https:\/\/www.willerth.at\/studio\/wp-json\/wp\/v2\/types\/product"}],"wp:featuredmedia":[{"embeddable":true,"href":"https:\/\/www.willerth.at\/studio\/wp-json\/wp\/v2\/media\/2490"}],"wp:attachment":[{"href":"https:\/\/www.willerth.at\/studio\/wp-json\/wp\/v2\/media?parent=2493"}],"wp:term":[{"taxonomy":"product_brand","embeddable":true,"href":"https:\/\/www.willerth.at\/studio\/wp-json\/wp\/v2\/product_brand?post=2493"},{"taxonomy":"product_cat","embeddable":true,"href":"https:\/\/www.willerth.at\/studio\/wp-json\/wp\/v2\/product_cat?post=2493"},{"taxonomy":"product_tag","embeddable":true,"href":"https:\/\/www.willerth.at\/studio\/wp-json\/wp\/v2\/product_tag?post=2493"}],"curies":[{"name":"wp","href":"https:\/\/api.w.org\/{rel}","templated":true}]}}